{"id":27635,"date":"2019-06-05T14:18:19","date_gmt":"2019-06-05T12:18:19","guid":{"rendered":"https:\/\/www.anaya.si\/izdelek\/vitanaya-body-and-lotus-set-for-skin-firming-and-revitalizing-150-ml-150-ml\/"},"modified":"2025-09-11T17:04:47","modified_gmt":"2025-09-11T15:04:47","slug":"vitanaya-body-and-lotus-set-for-skin-firming-and-revitalizing-150-ml-150-ml","status":"publish","type":"product","link":"https:\/\/www.anaya.si\/en\/product\/vitanaya-body-and-lotus-set-for-skin-firming-and-revitalizing-150-ml-150-ml\/","title":{"rendered":"VITANAYA Body and LOTUS SET for skin firming and revitalizing (<span style=\"white-space: nowrap\">150 ml<\/span>, <span style=\"white-space: nowrap\">150 ml<\/span>)"},"content":{"rendered":"<p><a name=\"more\"><\/a><br \/>\n<span id=\"vec\"><br \/>\n<div class=\"responsive-tabs\">\n<h2 class=\"tabtitle\">DESCRIPTION<\/h2>\n<div class=\"tabcontent\">\n<\/span><\/p>\n<div>ANAYA VITANAYA Revitalizing and Firming Body Cream and ANAYA LOTUS dry oil is the ideal skin care combination for the body. It improves and renews the structure of the skin on thighs, hips, abdomen, breasts and arms. VITANAYA cream contains effective microorganism EM<span style=\"font-weight: 400;\"><span style=\"vertical-align: 0.5em; font-size: 0.65em;\">\u00ae<\/span><\/span> activated precious ingredients such as cocoa butter, jojoba, peach and avocado oils, juniper, ivy and hawthorn extracts, active soy peptides, clubmoss, coenzyme Q10, genistein, caffeine and carnitine which help to dissolve excess fat as well as prevent and visibly reduce stretch marks. Combined with LOTUS dry oil, skin suppleness and softness are further enhanced. Regular use of the cream and oil helps firm and improve skin elasticity, the skin becomes considerably more taut, supple and silky smooth.<\/div>\n<p>&nbsp;<\/p>\n<p><strong>Recommended:<\/strong><\/p>\n<ul>\n<li>for thigh, hip and abdomen skin care<\/li>\n<li>for stretch mark care and prevention<\/li>\n<li>for skin care during pregnancy<\/li>\n<li>to help firm skin after childbirth<\/li>\n<\/ul>\n<p>&nbsp;<\/p>\n\n<\/div><h2 class=\"tabtitle\">INSTRUCTIONS FOR USE<\/h2>\n<div class=\"tabcontent\">\n\n<p>After showering, blend a desired amount of LOTUS dry oil and VITANAYA body cream in your hands. Apply the mixture to thighs, hips, abdomen, breasts and arms. For best results, apply twice daily.<\/p>\n<p><strong><br \/>\nCaution:<\/strong><\/p>\n<p>An initial reaction may occur in skin depleted of energy. It can manifest as temporary redness, swelling or a warm, mildly burning sensation, which gradually disappears with regular use. In such cases, we recommend consulting our experts.<\/p>\n<p>For external use only. Not recommended for anyone allergic to any ingredient in this product.<\/p>\n<p>&nbsp;<\/p>\n\n<\/div><h2 class=\"tabtitle\">INGREDIENTS<\/h2>\n<div class=\"tabcontent\">\n\n<p><strong style=\"font-size: 1.3em;\">LOTUS<\/strong><\/p>\n<p>MAIN INGREDIENTS<\/p>\n<ul>\n<li>sunflower oil<\/li>\n<li>olive oil<\/li>\n<li>almond oil<\/li>\n<li>jojoba oil<\/li>\n<li>peach kernel oil<\/li>\n<li>phytosqualane from olives<\/li>\n<li>natural bisabolol<\/li>\n<li>lotus essential oil<\/li>\n<li>EM<span style=\"font-weight: 400;\"><span style=\"vertical-align: 0.5em; font-size: 0.65em;\">\u00ae<\/span><\/span> ceramic pellet<\/li>\n<\/ul>\n<p><strong>INCI<\/strong><\/p>\n<h6 style=\"margin-top: 0px!important;\">HELIANTHUS ANNUUS SEED OIL**, PRUNUS AMYGDALUS DULCIS OIL**, OLEA EUROPAEA FRUIT OIL*, SIMMONDSIA CHINENSIS SEED OIL*, SQUALANE**, AROMA (SWEET LOTUS)**, BISABOLOL**, TOCOPHERYL ACETATE**, QUARTZ***, POTASSIUM OXIDE***, ALUMINA***<\/h6>\n<p style=\"font-size: 11px!important;\"><em>*organic ingredients, **natural ingredients, *** EM pellet<\/em><\/p>\n<p>&nbsp;<\/p>\n<p>&nbsp;<\/p>\n<p><strong style=\"font-size: 1.3em;\">VITANAYA BODY<\/strong><\/p>\n<p>MAIN INGREDIENTS<\/p>\n<ul>\n<li><strong>Avocado oil<\/strong> is extremely rich in omega 3 unsaturated fatty acids, antioxidants, vitamins (A, B1, B2, D and E) as well as potassium and lecithin. It penetrates deep into the skin with highly soothing effects on skin affected by eczema or psoriasis. Its bioactive ingredients have anti-inflammatory properties and soothe redness from inflamed acne or excessive sun exposure. They accelerate collagen synthesis, which in turn protects the skin, promotes its regeneration and strengthens its functions. Avocado oil softens and smoothes the skin. It is suitable for all skin types and is especially effective with dry, rough and aging skin.<\/li>\n<li><strong>Bisabolol<\/strong> is the main ingredient of the chamomile essential oil and is also extracted from the Brazilian Candeia tree <em>(Vanillosmopsis erythropappa)<\/em>. It has strong anti-inflammatory, antibacterial, antiseptic and calming properties, which makes it very suitable for sensitive baby and child skin care.<\/li>\n<li><strong>Club moss<\/strong> <em>(Lycopodium clavatum)<\/em> cools irritated skin, relieves itching, and makes the skin soft and smooth. It also has strong antibacterial properties.<\/li>\n<li><strong>Cocoa butter<\/strong> protects, nourishes, softens and retains moisture in the skin. It is obtained from cocoa beans <em>(Theobroma cacao)<\/em>.<\/li>\n<li><strong>Coenzyme Q10<\/strong> easily penetrates the skin and protects it from free radicals thanks to its powerful antioxidant properties. It accelerates cell renewal and the synthesis of collagen and elastin, effectively slowing down the formation of wrinkles and smoothing the existing ones.<\/li>\n<li><strong>EM<span style=\"vertical-align: 0.5em; font-size: 0.65em;\">\u00ae<\/span> (effective microorganisms)<\/strong> activate other ingredients so that the skin absorbs only the essential components in the exact amount it needs at any given moment. They have a revitalizing effect on the skin, cleansing and protecting it from external influences, thereby promoting its ability to regenerate and resist external factors.<\/li>\n<li><strong>Glycolyzed isoflavone<\/strong> (Genistein), together with <strong>caffeine<\/strong> and <strong>carnitine<\/strong>, stimulates the breakdown of fats and thus visibly reduces cellulite.<\/li>\n<li><strong>Hydrolyzed soy proteins<\/strong> are peptides of natural origin that promote cell renewal. They tighten skin and slow down wrinkle formation. They form a protective coat on the skin, which continuously retains moisture. This phenomenon keeps the skin toned, supple and silky smooth.<\/li>\n<li><strong>Ivy<\/strong>\u00a0<em>(Hedera helix)<\/em>, <strong>Juniper berry<\/strong> <em>(Juniperus communis)<\/em> and <strong>Hawthorn<\/strong> <em>(Crataegus oxyacantha)<\/em> extracts accelerate the skin\u2019s microcirculation and thus its overall blood circulation. As they stimulate flushing water and toxic substances from the body, they effectively increase the skin\u2019s firmness and are indispensable in the fight against cellulite.<\/li>\n<li><strong>Jojoba oil<\/strong> makes skin soft, tender and velvety. It is extracted from the <em>Simmondsia chinensis<\/em> desert plant seeds.<\/li>\n<li><strong>Peach kernel oil<\/strong> prevents dry skin, smoothes wrinkles and makes any skin type more supple with improved elasticity. It is especially suitable for dry, tired and mature skin with poor circulation. It relieves itchy and inflamed skin with its hypoallergenic properties and is especially soothing after sun and wind exposure. By regenerating and tonifying, it cleanses skin pores and prevents them from clogging. It is a great alternative for individuals with nut allergies that prevent them from using other oils \u2013 almond, peanut or hazelnut oil, for example.<\/li>\n<li><strong>Phytosqualane<\/strong> is a fat-like substance extracted from olive oil. It protects the skin from free radicals, helps restore its protective layer and prevents water loss. It soothes irritated or burnt skin and makes it silky soft, smooth and radiant. It does not cause oily skin.<\/li>\n<li><strong>Spirulina extract<\/strong> <em>(Spirulina platensis)<\/em> firms the skin and improves its texture.<\/li>\n<\/ul>\n<p><strong>INCI<\/strong><\/p>\n<h6>AQUA***, GLYCERYL STEARATE, CETEARYL ALCOHOL, THEOBROMA CACAO SEED BUTTER*, PALMITOYL COLLAGEN AMINO ACIDS**, HYDROGENATED OLIVE OIL CETYL ESTERS**, SQUALANE**, PEACH KERNEL OIL GLYCERETH-8 ESTERS**, AVOCADO OIL GLYCERETH-8 ESTERS**, GLYCERIN*, MOLASSES**, MAGNESIUM CHLORIDE, YEAST EXTRACT**, SIMMONDSIA CHINENSIS SEED OIL*, BENZYL ALCOHOL, BISABOLOL**, POLYSORBATE 80, ALCOHOL, QUARTZ**, CRATAEGUS OXYACANTHA EXTRACT**, JUNIPERUS COMMUNIS FRUIT EXTRACT**, LYCOPODIUM CLAVATUM EXINE*, PARFUM, HYDROLYZED SOY PROTEIN**, OYSTER SHELL POWDER**, CARBOMER, DEHYDROACETIC ACID, PHENOXYETHANOL, RETINYL PALMITATE, UBIQUINONE, ALUMINA, HELIANTHUS ANNUUS SEED OIL**, CARNITINE**, HEDERA HELIX LEAF EXTRACT**, POTASSIUM OXIDE, SPIRULINA PLATENSIS EXTRACT**, CAFFEINE**, SORBIC ACID, GENISTEIN, TOCOPHEROL, ETHYLHEXYLGLYCERIN, TETRASODIUM GLUTAMATE DIACETATE, POTASSIUM SORBATE<\/h6>\n<p style=\"font-size: 11px!important;\"><em>*organic ingredients, **natural ingredients, ***EM activated and ionized water<\/em><\/p>\n<p>&nbsp;<\/p>\n<h2><\/div><\/div><\/h2>\n","protected":false},"excerpt":{"rendered":"<p>The perfect combination for revitalizing and firming skin on thighs, hips, abdomen, breasts and arms. Prevents and visibly reduces stretch marks. <a href=\"https:\/\/www.anaya.si\/en\/product\/vitanaya-body-and-lotus-set-for-skin-firming-and-revitalizing-150-ml-150-ml\/#more\">More&#8230;<\/a><\/p>\n","protected":false},"featured_media":28807,"comment_status":"closed","ping_status":"closed","template":"","meta":[],"product_brand":[],"product_cat":[449,434,443,428,454,445,422,429,447,432,450,452],"product_tag":[313,323,315],"class_list":{"0":"post-27635","1":"product","2":"type-product","3":"status-publish","4":"has-post-thumbnail","6":"product_cat-abdomen","7":"product_cat-body-care","8":"product_cat-breasts","9":"product_cat-elbows","10":"product_cat-elder","11":"product_cat-hands","12":"product_cat-sale","13":"product_cat-sets","14":"product_cat-thighs","15":"product_cat-upper-arms","16":"product_cat-vitanaya-en","17":"product_cat-women","18":"product_tag-cellulite","19":"product_tag-post-natal","20":"product_tag-wrinkles","21":"product_shipping_class-general","23":"first","24":"instock","25":"taxable","26":"shipping-taxable","27":"purchasable","28":"product-type-simple"},"yoast_head":"<!-- This site is optimized with the Yoast SEO plugin v27.4 - https:\/\/yoast.com\/product\/yoast-seo-wordpress\/ -->\n<title>VITANAYA Body and LOTUS SET for skin firming and revitalizing<\/title>\n<meta name=\"description\" content=\"The perfect combination for revitalizing and firming skin on thighs, hips, abdomen, breasts and arms. Prevents and visibly reduces stretch marks.\" \/>\n<meta name=\"robots\" content=\"index, follow, max-snippet:-1, max-image-preview:large, max-video-preview:-1\" \/>\n<link rel=\"canonical\" href=\"https:\/\/www.anaya.si\/en\/product\/vitanaya-body-and-lotus-set-for-skin-firming-and-revitalizing-150-ml-150-ml\/\" \/>\n<meta property=\"og:locale\" content=\"en_US\" \/>\n<meta property=\"og:type\" content=\"article\" \/>\n<meta property=\"og:title\" content=\"VITANAYA Body and LOTUS SET for skin firming and revitalizing\" \/>\n<meta property=\"og:description\" content=\"The perfect combination for revitalizing and firming skin on thighs, hips, abdomen, breasts and arms. Prevents and visibly reduces stretch marks.\" \/>\n<meta property=\"og:url\" content=\"https:\/\/www.anaya.si\/en\/product\/vitanaya-body-and-lotus-set-for-skin-firming-and-revitalizing-150-ml-150-ml\/\" \/>\n<meta property=\"og:site_name\" content=\"Anaya\" \/>\n<meta property=\"article:publisher\" content=\"https:\/\/www.facebook.com\/anayasmartcosmetics\" \/>\n<meta property=\"article:modified_time\" content=\"2025-09-11T15:04:47+00:00\" \/>\n<meta property=\"og:image\" content=\"https:\/\/www.anaya.si\/wp-content\/uploads\/2025\/09\/Lotus_VitanayaBody.jpg\" \/>\n\t<meta property=\"og:image:width\" content=\"1000\" \/>\n\t<meta property=\"og:image:height\" content=\"1000\" \/>\n\t<meta property=\"og:image:type\" content=\"image\/jpeg\" \/>\n<meta name=\"twitter:card\" content=\"summary_large_image\" \/>\n<meta name=\"twitter:label1\" content=\"Est. reading time\" \/>\n\t<meta name=\"twitter:data1\" content=\"6 minutes\" \/>\n<script type=\"application\/ld+json\" class=\"yoast-schema-graph\">{\"@context\":\"https:\\\/\\\/schema.org\",\"@graph\":[{\"@type\":\"WebPage\",\"@id\":\"https:\\\/\\\/www.anaya.si\\\/en\\\/product\\\/vitanaya-body-and-lotus-set-for-skin-firming-and-revitalizing-150-ml-150-ml\\\/\",\"url\":\"https:\\\/\\\/www.anaya.si\\\/en\\\/product\\\/vitanaya-body-and-lotus-set-for-skin-firming-and-revitalizing-150-ml-150-ml\\\/\",\"name\":\"VITANAYA Body and LOTUS SET for skin firming and revitalizing\",\"isPartOf\":{\"@id\":\"https:\\\/\\\/www.anaya.si\\\/en\\\/#website\"},\"primaryImageOfPage\":{\"@id\":\"https:\\\/\\\/www.anaya.si\\\/en\\\/product\\\/vitanaya-body-and-lotus-set-for-skin-firming-and-revitalizing-150-ml-150-ml\\\/#primaryimage\"},\"image\":{\"@id\":\"https:\\\/\\\/www.anaya.si\\\/en\\\/product\\\/vitanaya-body-and-lotus-set-for-skin-firming-and-revitalizing-150-ml-150-ml\\\/#primaryimage\"},\"thumbnailUrl\":\"https:\\\/\\\/www.anaya.si\\\/wp-content\\\/uploads\\\/2025\\\/09\\\/Lotus_VitanayaBody.jpg\",\"datePublished\":\"2019-06-05T12:18:19+00:00\",\"dateModified\":\"2025-09-11T15:04:47+00:00\",\"description\":\"The perfect combination for revitalizing and firming skin on thighs, hips, abdomen, breasts and arms. Prevents and visibly reduces stretch marks.\",\"breadcrumb\":{\"@id\":\"https:\\\/\\\/www.anaya.si\\\/en\\\/product\\\/vitanaya-body-and-lotus-set-for-skin-firming-and-revitalizing-150-ml-150-ml\\\/#breadcrumb\"},\"inLanguage\":\"en-US\",\"potentialAction\":[{\"@type\":\"ReadAction\",\"target\":[\"https:\\\/\\\/www.anaya.si\\\/en\\\/product\\\/vitanaya-body-and-lotus-set-for-skin-firming-and-revitalizing-150-ml-150-ml\\\/\"]}]},{\"@type\":\"ImageObject\",\"inLanguage\":\"en-US\",\"@id\":\"https:\\\/\\\/www.anaya.si\\\/en\\\/product\\\/vitanaya-body-and-lotus-set-for-skin-firming-and-revitalizing-150-ml-150-ml\\\/#primaryimage\",\"url\":\"https:\\\/\\\/www.anaya.si\\\/wp-content\\\/uploads\\\/2025\\\/09\\\/Lotus_VitanayaBody.jpg\",\"contentUrl\":\"https:\\\/\\\/www.anaya.si\\\/wp-content\\\/uploads\\\/2025\\\/09\\\/Lotus_VitanayaBody.jpg\",\"width\":1000,\"height\":1000,\"caption\":\"Anaya Smart Cosmetics Slovenia is an award-winning, EM\u00ae activated natural skincare line, pioneering the use of ingredients based on effective microorganisms EM\u00ae in cosmetic products. Anaya Lotus z EM\u00ae aktivirano suho olje za obraz in telo z ne\u017enim vonjem po lotosu je primerno za nego vseh tipov ko\u017ee, zlasti suhe in ob\u010dutljive. Izbolj\u0161uje obrambne mehanizme ko\u017ee in spodbuja njeno naravno delovanje. Po nanosu se hitro vpije, ko\u017ee ne masti ter jo ohranja mehko in gladko. Anaya Vitanaya z EM\u00ae aktivirana pomlajevalna krema za telo dnevno obnavlja ko\u017eo, raztaplja odve\u010dno ma\u0161\u010dobo ter pomaga pri prepre\u010devanju in odpravljanju strij. Z redno uporabo je ko\u017ea ob\u010dutno bolj \u010dvrsta, napeta, pro\u017ena in svilnato gladka, tonus pa vidno izbolj\u0161an. Anaya Lotus EM\u00ae Activated Dry Oil for Face and Body with a gentle lotus flower scent is suitable for all skin types, especially dry and sensitive skin. It boosts the skin\u2019s innate defense mechanisms and stimulates its natural functions. It absorbs quickly, leaving the skin soft and smooth without greasiness. Anaya Vitanaya EM\u00ae Activated Body Renewal and Firming Cream improves skin texture, helps with stretch marks and nourishes the skin while melting body fat. With regular use, the skin is firmer, more toned and silky smooth.\"},{\"@type\":\"BreadcrumbList\",\"@id\":\"https:\\\/\\\/www.anaya.si\\\/en\\\/product\\\/vitanaya-body-and-lotus-set-for-skin-firming-and-revitalizing-150-ml-150-ml\\\/#breadcrumb\",\"itemListElement\":[{\"@type\":\"ListItem\",\"position\":1,\"name\":\"Home\",\"item\":\"https:\\\/\\\/www.anaya.si\\\/en\\\/\"},{\"@type\":\"ListItem\",\"position\":2,\"name\":\"All\",\"item\":\"https:\\\/\\\/www.anaya.si\\\/en\\\/all\\\/\"},{\"@type\":\"ListItem\",\"position\":3,\"name\":\"VITANAYA Body and LOTUS SET for skin firming and revitalizing (150 ml, 150 ml)\"}]},{\"@type\":\"WebSite\",\"@id\":\"https:\\\/\\\/www.anaya.si\\\/en\\\/#website\",\"url\":\"https:\\\/\\\/www.anaya.si\\\/en\\\/\",\"name\":\"Anaya\",\"description\":\"pametna kozmetika\",\"publisher\":{\"@id\":\"https:\\\/\\\/www.anaya.si\\\/en\\\/#organization\"},\"potentialAction\":[{\"@type\":\"SearchAction\",\"target\":{\"@type\":\"EntryPoint\",\"urlTemplate\":\"https:\\\/\\\/www.anaya.si\\\/en\\\/?s={search_term_string}\"},\"query-input\":{\"@type\":\"PropertyValueSpecification\",\"valueRequired\":true,\"valueName\":\"search_term_string\"}}],\"inLanguage\":\"en-US\"},{\"@type\":\"Organization\",\"@id\":\"https:\\\/\\\/www.anaya.si\\\/en\\\/#organization\",\"name\":\"HOLY3 d.o.o.\",\"url\":\"https:\\\/\\\/www.anaya.si\\\/en\\\/\",\"logo\":{\"@type\":\"ImageObject\",\"inLanguage\":\"en-US\",\"@id\":\"https:\\\/\\\/www.anaya.si\\\/en\\\/#\\\/schema\\\/logo\\\/image\\\/\",\"url\":\"https:\\\/\\\/www.anaya.si\\\/wp-content\\\/uploads\\\/2019\\\/11\\\/Anaya_newlogo_color1_600px_sRGB-e1576141435131.png\",\"contentUrl\":\"https:\\\/\\\/www.anaya.si\\\/wp-content\\\/uploads\\\/2019\\\/11\\\/Anaya_newlogo_color1_600px_sRGB-e1576141435131.png\",\"width\":540,\"height\":162,\"caption\":\"HOLY3 d.o.o.\"},\"image\":{\"@id\":\"https:\\\/\\\/www.anaya.si\\\/en\\\/#\\\/schema\\\/logo\\\/image\\\/\"},\"sameAs\":[\"https:\\\/\\\/www.facebook.com\\\/anayasmartcosmetics\"]}]}<\/script>\n<!-- \/ Yoast SEO plugin. -->","yoast_head_json":{"title":"VITANAYA Body and LOTUS SET for skin firming and revitalizing","description":"The perfect combination for revitalizing and firming skin on thighs, hips, abdomen, breasts and arms. Prevents and visibly reduces stretch marks.","robots":{"index":"index","follow":"follow","max-snippet":"max-snippet:-1","max-image-preview":"max-image-preview:large","max-video-preview":"max-video-preview:-1"},"canonical":"https:\/\/www.anaya.si\/en\/product\/vitanaya-body-and-lotus-set-for-skin-firming-and-revitalizing-150-ml-150-ml\/","og_locale":"en_US","og_type":"article","og_title":"VITANAYA Body and LOTUS SET for skin firming and revitalizing","og_description":"The perfect combination for revitalizing and firming skin on thighs, hips, abdomen, breasts and arms. Prevents and visibly reduces stretch marks.","og_url":"https:\/\/www.anaya.si\/en\/product\/vitanaya-body-and-lotus-set-for-skin-firming-and-revitalizing-150-ml-150-ml\/","og_site_name":"Anaya","article_publisher":"https:\/\/www.facebook.com\/anayasmartcosmetics","article_modified_time":"2025-09-11T15:04:47+00:00","og_image":[{"width":1000,"height":1000,"url":"https:\/\/www.anaya.si\/wp-content\/uploads\/2025\/09\/Lotus_VitanayaBody.jpg","type":"image\/jpeg"}],"twitter_card":"summary_large_image","twitter_misc":{"Est. reading time":"6 minutes"},"schema":{"@context":"https:\/\/schema.org","@graph":[{"@type":"WebPage","@id":"https:\/\/www.anaya.si\/en\/product\/vitanaya-body-and-lotus-set-for-skin-firming-and-revitalizing-150-ml-150-ml\/","url":"https:\/\/www.anaya.si\/en\/product\/vitanaya-body-and-lotus-set-for-skin-firming-and-revitalizing-150-ml-150-ml\/","name":"VITANAYA Body and LOTUS SET for skin firming and revitalizing","isPartOf":{"@id":"https:\/\/www.anaya.si\/en\/#website"},"primaryImageOfPage":{"@id":"https:\/\/www.anaya.si\/en\/product\/vitanaya-body-and-lotus-set-for-skin-firming-and-revitalizing-150-ml-150-ml\/#primaryimage"},"image":{"@id":"https:\/\/www.anaya.si\/en\/product\/vitanaya-body-and-lotus-set-for-skin-firming-and-revitalizing-150-ml-150-ml\/#primaryimage"},"thumbnailUrl":"https:\/\/www.anaya.si\/wp-content\/uploads\/2025\/09\/Lotus_VitanayaBody.jpg","datePublished":"2019-06-05T12:18:19+00:00","dateModified":"2025-09-11T15:04:47+00:00","description":"The perfect combination for revitalizing and firming skin on thighs, hips, abdomen, breasts and arms. Prevents and visibly reduces stretch marks.","breadcrumb":{"@id":"https:\/\/www.anaya.si\/en\/product\/vitanaya-body-and-lotus-set-for-skin-firming-and-revitalizing-150-ml-150-ml\/#breadcrumb"},"inLanguage":"en-US","potentialAction":[{"@type":"ReadAction","target":["https:\/\/www.anaya.si\/en\/product\/vitanaya-body-and-lotus-set-for-skin-firming-and-revitalizing-150-ml-150-ml\/"]}]},{"@type":"ImageObject","inLanguage":"en-US","@id":"https:\/\/www.anaya.si\/en\/product\/vitanaya-body-and-lotus-set-for-skin-firming-and-revitalizing-150-ml-150-ml\/#primaryimage","url":"https:\/\/www.anaya.si\/wp-content\/uploads\/2025\/09\/Lotus_VitanayaBody.jpg","contentUrl":"https:\/\/www.anaya.si\/wp-content\/uploads\/2025\/09\/Lotus_VitanayaBody.jpg","width":1000,"height":1000,"caption":"Anaya Smart Cosmetics Slovenia is an award-winning, EM\u00ae activated natural skincare line, pioneering the use of ingredients based on effective microorganisms EM\u00ae in cosmetic products. Anaya Lotus z EM\u00ae aktivirano suho olje za obraz in telo z ne\u017enim vonjem po lotosu je primerno za nego vseh tipov ko\u017ee, zlasti suhe in ob\u010dutljive. Izbolj\u0161uje obrambne mehanizme ko\u017ee in spodbuja njeno naravno delovanje. Po nanosu se hitro vpije, ko\u017ee ne masti ter jo ohranja mehko in gladko. Anaya Vitanaya z EM\u00ae aktivirana pomlajevalna krema za telo dnevno obnavlja ko\u017eo, raztaplja odve\u010dno ma\u0161\u010dobo ter pomaga pri prepre\u010devanju in odpravljanju strij. Z redno uporabo je ko\u017ea ob\u010dutno bolj \u010dvrsta, napeta, pro\u017ena in svilnato gladka, tonus pa vidno izbolj\u0161an. Anaya Lotus EM\u00ae Activated Dry Oil for Face and Body with a gentle lotus flower scent is suitable for all skin types, especially dry and sensitive skin. It boosts the skin\u2019s innate defense mechanisms and stimulates its natural functions. It absorbs quickly, leaving the skin soft and smooth without greasiness. Anaya Vitanaya EM\u00ae Activated Body Renewal and Firming Cream improves skin texture, helps with stretch marks and nourishes the skin while melting body fat. With regular use, the skin is firmer, more toned and silky smooth."},{"@type":"BreadcrumbList","@id":"https:\/\/www.anaya.si\/en\/product\/vitanaya-body-and-lotus-set-for-skin-firming-and-revitalizing-150-ml-150-ml\/#breadcrumb","itemListElement":[{"@type":"ListItem","position":1,"name":"Home","item":"https:\/\/www.anaya.si\/en\/"},{"@type":"ListItem","position":2,"name":"All","item":"https:\/\/www.anaya.si\/en\/all\/"},{"@type":"ListItem","position":3,"name":"VITANAYA Body and LOTUS SET for skin firming and revitalizing (150 ml, 150 ml)"}]},{"@type":"WebSite","@id":"https:\/\/www.anaya.si\/en\/#website","url":"https:\/\/www.anaya.si\/en\/","name":"Anaya","description":"pametna kozmetika","publisher":{"@id":"https:\/\/www.anaya.si\/en\/#organization"},"potentialAction":[{"@type":"SearchAction","target":{"@type":"EntryPoint","urlTemplate":"https:\/\/www.anaya.si\/en\/?s={search_term_string}"},"query-input":{"@type":"PropertyValueSpecification","valueRequired":true,"valueName":"search_term_string"}}],"inLanguage":"en-US"},{"@type":"Organization","@id":"https:\/\/www.anaya.si\/en\/#organization","name":"HOLY3 d.o.o.","url":"https:\/\/www.anaya.si\/en\/","logo":{"@type":"ImageObject","inLanguage":"en-US","@id":"https:\/\/www.anaya.si\/en\/#\/schema\/logo\/image\/","url":"https:\/\/www.anaya.si\/wp-content\/uploads\/2019\/11\/Anaya_newlogo_color1_600px_sRGB-e1576141435131.png","contentUrl":"https:\/\/www.anaya.si\/wp-content\/uploads\/2019\/11\/Anaya_newlogo_color1_600px_sRGB-e1576141435131.png","width":540,"height":162,"caption":"HOLY3 d.o.o."},"image":{"@id":"https:\/\/www.anaya.si\/en\/#\/schema\/logo\/image\/"},"sameAs":["https:\/\/www.facebook.com\/anayasmartcosmetics"]}]}},"_links":{"self":[{"href":"https:\/\/www.anaya.si\/en\/wp-json\/wp\/v2\/product\/27635","targetHints":{"allow":["GET"]}}],"collection":[{"href":"https:\/\/www.anaya.si\/en\/wp-json\/wp\/v2\/product"}],"about":[{"href":"https:\/\/www.anaya.si\/en\/wp-json\/wp\/v2\/types\/product"}],"replies":[{"embeddable":true,"href":"https:\/\/www.anaya.si\/en\/wp-json\/wp\/v2\/comments?post=27635"}],"wp:featuredmedia":[{"embeddable":true,"href":"https:\/\/www.anaya.si\/en\/wp-json\/wp\/v2\/media\/28807"}],"wp:attachment":[{"href":"https:\/\/www.anaya.si\/en\/wp-json\/wp\/v2\/media?parent=27635"}],"wp:term":[{"taxonomy":"product_brand","embeddable":true,"href":"https:\/\/www.anaya.si\/en\/wp-json\/wp\/v2\/product_brand?post=27635"},{"taxonomy":"product_cat","embeddable":true,"href":"https:\/\/www.anaya.si\/en\/wp-json\/wp\/v2\/product_cat?post=27635"},{"taxonomy":"product_tag","embeddable":true,"href":"https:\/\/www.anaya.si\/en\/wp-json\/wp\/v2\/product_tag?post=27635"}],"curies":[{"name":"wp","href":"https:\/\/api.w.org\/{rel}","templated":true}]}}